{"id":478,"date":"2022-09-23T18:37:08","date_gmt":"2022-09-23T16:37:08","guid":{"rendered":"https:\/\/internationallipedemasurgicalcenter.com\/?page_id=478"},"modified":"2023-11-20T17:24:10","modified_gmt":"2023-11-20T15:24:10","slug":"what-is-lipedema","status":"publish","type":"page","link":"https:\/\/internationallipedemasurgicalcenter.com\/de\/what-is-lipedema\/","title":{"rendered":"Was ist ein Lip\u00f6dem?"},"content":{"rendered":"<section class=\"section\" id=\"section_1670445368\">\n\t\t<div class=\"bg section-bg fill bg-fill  bg-loaded\" >\n\n\t\t\t\n\t\t\t\n\t\t\t\n\n\t\t<\/div>\n\n\t\t\n\n\t\t<div class=\"section-content relative\">\n\t\t\t\n\n<div class=\"row row-full-width align-middle align-center\"  id=\"row-2031540514\">\n\n\n\t<div id=\"col-1483390990\" class=\"col small-12 large-12\"  >\n\t\t\t\t<div class=\"col-inner text-center\"  >\n\t\t\t\n\t\t\t\n\n  <div id=\"page-header-193662941\" class=\"page-header-wrapper\">\n  <div class=\"page-title light simple-title\">\n\n    \n    <div class=\"page-title-inner container align-center text-center flex-row-col medium-flex-wrap\" >\n              <div class=\"title-wrapper flex-col\">\n          <h1 class=\"entry-title mb-0\">\n            Was ist ein Lip\u00f6dem?          <\/h1>\n        <\/div>\n                    <div class=\"title-content flex-col\">\n        <ul class=\"nav sm-touch-scroll nav-line nav-uppercase text-center nav-center\"><li class=\"nav-single-page hidden\"><\/li><\/ul>      <\/div>\n    <\/div>\n\n       <\/div>\n    <\/div>\n  \n\n<div class=\"text-center\"><div class=\"is-divider divider clearfix\" style=\"max-width:60%;height:2px;background-color:rgb(0, 0, 0);\"><\/div><\/div>\n\n\n\t\t<\/div>\n\t\t\t\t\t<\/div>\n\n\t\n\n<\/div>\n<div class=\"row align-middle align-center\"  id=\"row-678538794\">\n\n\n\t<div id=\"col-1256385351\" class=\"col small-12 large-12\"  >\n\t\t\t\t<div class=\"col-inner text-center\"  >\n\t\t\t\n\t\t\t\n\n\t<div id=\"text-138287615\" class=\"text\">\n\t\t\n\n<p>Lipedema is the most common disorder of fat distribution as well as dysfunction of\u00a0 the adipose tissue, affecting about 12% of women in Europe. In Germany, more than 4 million women suffer from lipedema and in wider Europe about 40 million women. Women affected with lipedema, may develop congestion of the lymphatic fluid in both the interstitial and intracellular spaces. The distribution disorder occurs mainly on the extremities (arms and legs) and the fatty tissue of the subcutaneous tissue and causes a cell dysfunction, which progressively leads to a disproportional body.<\/p>\n<p>Das Wort Lip\u00f6dem (griechisch: \u039b\u03b9\u03c0\u03bf\u03b9\u03b4\u03b7\u03bc\u03b1) besteht aus zwei Elementen:<strong>\u00a0Lip<\/strong>\u00a0= Fett und<strong>\u00a0\u00d6dem<\/strong>\u00a0= Schwellung.<\/p>\n<p>Many affected women \u2013 rarely men are affected \u2013 suffer greatly from lipedema disease,\u00a0 n a both physical and psychological manner.<\/p>\n<p><strong>Das Lip\u00f6dem ist eine Erkrankung, die sich nicht durch Sport oder eine Ern\u00e4hrungsumstellung regulieren l\u00e4sst.<\/strong><\/p>\n<p>In order to alleviate patients\u2019 suffering and ensure a better quality of life, certain scientific approaches should be followed:<\/p>\n<ul>\n<li>Early diagnosis \u2013 possibly by a specialized team of doctors \u2013<\/li>\n<li>Conservative treatment<\/li>\n<li>Permanent removal of the pathological fat accumulations<\/li>\n<\/ul>\n<p>\u00a0<\/p>\n<p>\u00a0Such methods, lead to successful and observable results.<\/p>\n\t\t\n<style>\n#text-138287615 {\n  text-align: left;\n}\n<\/style>\n\t<\/div>\n\t\n\n\t\t<\/div>\n\t\t\t\t\t<\/div>\n\n\t\n\n<\/div>\n\n\t\t<\/div>\n\n\t\t\n<style>\n#section_1670445368 {\n  padding-top: 30px;\n  padding-bottom: 30px;\n}\n<\/style>\n\t<\/section>","protected":false},"excerpt":{"rendered":"","protected":false},"author":1,"featured_media":0,"parent":0,"menu_order":0,"comment_status":"closed","ping_status":"closed","template":"","meta":{"_acf_changed":false,"footnotes":""},"class_list":["post-478","page","type-page","status-publish","hentry"],"acf":[],"yoast_head":"<!-- This site is optimized with the Yoast SEO plugin v27.4 - https:\/\/yoast.com\/product\/yoast-seo-wordpress\/ -->\n<title>What is Lipedema - internationallipedemasurgicalcenter<\/title>\n<meta name=\"robots\" content=\"index, follow, max-snippet:-1, max-image-preview:large, max-video-preview:-1\" \/>\n<link rel=\"canonical\" href=\"https:\/\/internationallipedemasurgicalcenter.com\/de\/what-is-lipedema\/\" \/>\n<meta property=\"og:locale\" content=\"de_DE\" \/>\n<meta property=\"og:type\" content=\"article\" \/>\n<meta property=\"og:title\" content=\"What is Lipedema - internationallipedemasurgicalcenter\" \/>\n<meta property=\"og:url\" content=\"https:\/\/internationallipedemasurgicalcenter.com\/de\/what-is-lipedema\/\" \/>\n<meta property=\"og:site_name\" content=\"internationallipedemasurgicalcenter\" \/>\n<meta property=\"article:modified_time\" content=\"2023-11-20T15:24:10+00:00\" \/>\n<meta name=\"twitter:card\" content=\"summary_large_image\" \/>\n<meta name=\"twitter:label1\" content=\"Gesch\u00e4tzte Lesezeit\" \/>\n\t<meta name=\"twitter:data1\" content=\"1\u00a0Minute\" \/>\n<script type=\"application\/ld+json\" class=\"yoast-schema-graph\">{\"@context\":\"https:\\\/\\\/schema.org\",\"@graph\":[{\"@type\":\"WebPage\",\"@id\":\"https:\\\/\\\/internationallipedemasurgicalcenter.com\\\/what-is-lipedema\\\/\",\"url\":\"https:\\\/\\\/internationallipedemasurgicalcenter.com\\\/what-is-lipedema\\\/\",\"name\":\"What is Lipedema - internationallipedemasurgicalcenter\",\"isPartOf\":{\"@id\":\"https:\\\/\\\/internationallipedemasurgicalcenter.com\\\/#website\"},\"datePublished\":\"2022-09-23T16:37:08+00:00\",\"dateModified\":\"2023-11-20T15:24:10+00:00\",\"breadcrumb\":{\"@id\":\"https:\\\/\\\/internationallipedemasurgicalcenter.com\\\/what-is-lipedema\\\/#breadcrumb\"},\"inLanguage\":\"de\",\"potentialAction\":[{\"@type\":\"ReadAction\",\"target\":[\"https:\\\/\\\/internationallipedemasurgicalcenter.com\\\/what-is-lipedema\\\/\"]}]},{\"@type\":\"BreadcrumbList\",\"@id\":\"https:\\\/\\\/internationallipedemasurgicalcenter.com\\\/what-is-lipedema\\\/#breadcrumb\",\"itemListElement\":[{\"@type\":\"ListItem\",\"position\":1,\"name\":\"Home\",\"item\":\"https:\\\/\\\/internationallipedemasurgicalcenter.com\\\/\"},{\"@type\":\"ListItem\",\"position\":2,\"name\":\"What is Lipedema\"}]},{\"@type\":\"WebSite\",\"@id\":\"https:\\\/\\\/internationallipedemasurgicalcenter.com\\\/#website\",\"url\":\"https:\\\/\\\/internationallipedemasurgicalcenter.com\\\/\",\"name\":\"internationallipedemasurgicalcenter\",\"description\":\"Lipedema center\",\"potentialAction\":[{\"@type\":\"SearchAction\",\"target\":{\"@type\":\"EntryPoint\",\"urlTemplate\":\"https:\\\/\\\/internationallipedemasurgicalcenter.com\\\/?s={search_term_string}\"},\"query-input\":{\"@type\":\"PropertyValueSpecification\",\"valueRequired\":true,\"valueName\":\"search_term_string\"}}],\"inLanguage\":\"de\"}]}<\/script>\n<!-- \/ Yoast SEO plugin. -->","yoast_head_json":{"title":"What is Lipedema - internationallipedemasurgicalcenter","robots":{"index":"index","follow":"follow","max-snippet":"max-snippet:-1","max-image-preview":"max-image-preview:large","max-video-preview":"max-video-preview:-1"},"canonical":"https:\/\/internationallipedemasurgicalcenter.com\/de\/what-is-lipedema\/","og_locale":"de_DE","og_type":"article","og_title":"What is Lipedema - internationallipedemasurgicalcenter","og_url":"https:\/\/internationallipedemasurgicalcenter.com\/de\/what-is-lipedema\/","og_site_name":"internationallipedemasurgicalcenter","article_modified_time":"2023-11-20T15:24:10+00:00","twitter_card":"summary_large_image","twitter_misc":{"Gesch\u00e4tzte Lesezeit":"1\u00a0Minute"},"schema":{"@context":"https:\/\/schema.org","@graph":[{"@type":"WebPage","@id":"https:\/\/internationallipedemasurgicalcenter.com\/what-is-lipedema\/","url":"https:\/\/internationallipedemasurgicalcenter.com\/what-is-lipedema\/","name":"What is Lipedema - internationallipedemasurgicalcenter","isPartOf":{"@id":"https:\/\/internationallipedemasurgicalcenter.com\/#website"},"datePublished":"2022-09-23T16:37:08+00:00","dateModified":"2023-11-20T15:24:10+00:00","breadcrumb":{"@id":"https:\/\/internationallipedemasurgicalcenter.com\/what-is-lipedema\/#breadcrumb"},"inLanguage":"de","potentialAction":[{"@type":"ReadAction","target":["https:\/\/internationallipedemasurgicalcenter.com\/what-is-lipedema\/"]}]},{"@type":"BreadcrumbList","@id":"https:\/\/internationallipedemasurgicalcenter.com\/what-is-lipedema\/#breadcrumb","itemListElement":[{"@type":"ListItem","position":1,"name":"Home","item":"https:\/\/internationallipedemasurgicalcenter.com\/"},{"@type":"ListItem","position":2,"name":"What is Lipedema"}]},{"@type":"WebSite","@id":"https:\/\/internationallipedemasurgicalcenter.com\/#website","url":"https:\/\/internationallipedemasurgicalcenter.com\/","name":"Internationales Lip\u00f6dem-Chirurgiezentrum","description":"Lipedema center","potentialAction":[{"@type":"SearchAction","target":{"@type":"EntryPoint","urlTemplate":"https:\/\/internationallipedemasurgicalcenter.com\/?s={search_term_string}"},"query-input":{"@type":"PropertyValueSpecification","valueRequired":true,"valueName":"search_term_string"}}],"inLanguage":"de"}]}},"_links":{"self":[{"href":"https:\/\/internationallipedemasurgicalcenter.com\/de\/wp-json\/wp\/v2\/pages\/478","targetHints":{"allow":["GET"]}}],"collection":[{"href":"https:\/\/internationallipedemasurgicalcenter.com\/de\/wp-json\/wp\/v2\/pages"}],"about":[{"href":"https:\/\/internationallipedemasurgicalcenter.com\/de\/wp-json\/wp\/v2\/types\/page"}],"author":[{"embeddable":true,"href":"https:\/\/internationallipedemasurgicalcenter.com\/de\/wp-json\/wp\/v2\/users\/1"}],"replies":[{"embeddable":true,"href":"https:\/\/internationallipedemasurgicalcenter.com\/de\/wp-json\/wp\/v2\/comments?post=478"}],"version-history":[{"count":7,"href":"https:\/\/internationallipedemasurgicalcenter.com\/de\/wp-json\/wp\/v2\/pages\/478\/revisions"}],"predecessor-version":[{"id":756,"href":"https:\/\/internationallipedemasurgicalcenter.com\/de\/wp-json\/wp\/v2\/pages\/478\/revisions\/756"}],"wp:attachment":[{"href":"https:\/\/internationallipedemasurgicalcenter.com\/de\/wp-json\/wp\/v2\/media?parent=478"}],"curies":[{"name":"wp","href":"https:\/\/api.w.org\/{rel}","templated":true}]}}