{"id":468,"date":"2022-09-23T18:18:27","date_gmt":"2022-09-23T16:18:27","guid":{"rendered":"https:\/\/internationallipedemasurgicalcenter.com\/?page_id=468"},"modified":"2023-11-20T17:39:35","modified_gmt":"2023-11-20T15:39:35","slug":"causes","status":"publish","type":"page","link":"https:\/\/internationallipedemasurgicalcenter.com\/de\/lipedima\/causes\/","title":{"rendered":"Ursachen"},"content":{"rendered":"<section class=\"section\" id=\"section_1222568841\">\n\t\t<div class=\"bg section-bg fill bg-fill  bg-loaded\" >\n\n\t\t\t\n\t\t\t\n\t\t\t\n\n\t\t<\/div>\n\n\t\t\n\n\t\t<div class=\"section-content relative\">\n\t\t\t\n\n<div class=\"row row-full-width align-middle align-center\"  id=\"row-903295439\">\n\n\n\t<div id=\"col-1946290305\" class=\"col small-12 large-12\"  >\n\t\t\t\t<div class=\"col-inner text-center\"  >\n\t\t\t\n\t\t\t\n\n  <div id=\"page-header-1453023556\" class=\"page-header-wrapper\">\n  <div class=\"page-title light simple-title\">\n\n    \n    <div class=\"page-title-inner container align-center text-center flex-row-col medium-flex-wrap\" >\n              <div class=\"title-wrapper flex-col\">\n          <h1 class=\"entry-title mb-0\">\n            Ursachen          <\/h1>\n        <\/div>\n                    <div class=\"title-content flex-col\">\n              <\/div>\n    <\/div>\n\n       <\/div>\n    <\/div>\n  \n\n<div class=\"text-center\"><div class=\"is-divider divider clearfix\" style=\"max-width:60%;height:2px;background-color:rgb(0, 0, 0);\"><\/div><\/div>\n\n\t<div class=\"img has-hover x md-x lg-x y md-y lg-y\" id=\"image_1422644339\">\n\t\t\t\t\t\t\t\t<div class=\"img-inner dark\" >\n\t\t\t<img loading=\"lazy\" decoding=\"async\" width=\"1020\" height=\"364\" src=\"https:\/\/internationallipedemasurgicalcenter.com\/wp-content\/uploads\/2022\/10\/shutterstock_1898306095-e1669546675664-1400x500.jpg\" class=\"attachment-large size-large\" alt=\"\" srcset=\"https:\/\/internationallipedemasurgicalcenter.com\/wp-content\/uploads\/2022\/10\/shutterstock_1898306095-e1669546675664-1400x500.jpg 1400w, https:\/\/internationallipedemasurgicalcenter.com\/wp-content\/uploads\/2022\/10\/shutterstock_1898306095-e1669546675664-800x286.jpg 800w, https:\/\/internationallipedemasurgicalcenter.com\/wp-content\/uploads\/2022\/10\/shutterstock_1898306095-e1669546675664-768x274.jpg 768w, https:\/\/internationallipedemasurgicalcenter.com\/wp-content\/uploads\/2022\/10\/shutterstock_1898306095-e1669546675664-1536x549.jpg 1536w, https:\/\/internationallipedemasurgicalcenter.com\/wp-content\/uploads\/2022\/10\/shutterstock_1898306095-e1669546675664-18x6.jpg 18w, https:\/\/internationallipedemasurgicalcenter.com\/wp-content\/uploads\/2022\/10\/shutterstock_1898306095-e1669546675664.jpg 1900w\" sizes=\"auto, (max-width: 1020px) 100vw, 1020px\" \/>\t\t\t\t\t\t\n\t\t\t\t\t<\/div>\n\t\t\t\t\t\t\t\t\n<style>\n#image_1422644339 {\n  width: 100%;\n}\n<\/style>\n\t<\/div>\n\t\n\n\n\t\t<\/div>\n\t\t\t\t\t<\/div>\n\n\t\n\n<\/div>\n<div class=\"row align-middle align-center\"  id=\"row-409573471\">\n\n\n\t<div id=\"col-907409386\" class=\"col small-12 large-12\"  >\n\t\t\t\t<div class=\"col-inner text-center\"  >\n\t\t\t\n\t\t\t\n\n\t<div id=\"text-792296217\" class=\"text\">\n\t\t\n\n<p>The main cause of the development and severity of lipedema disease lies on both the genetic predisposition and in hormonal changes (spontaneous or iatrogenic), which may stimulate relapse.<\/p>\n<p style=\"text-align: left;\">Viele Patientinnen fragen sich zu Recht:<\/p>\n<ul>\n<li style=\"text-align: left;\">Welchen Umfang hat die \u00c4nderung?<\/li>\n<li style=\"text-align: left;\">Was passiert unter meiner Haut?<\/li>\n<li style=\"text-align: left;\">Warum habe ich diese Fettverteilungs- und Funktionsst\u00f6rung?<\/li>\n<\/ul>\n<p>\u00a0<\/p>\n<p>In order to answer these questions, we have to look into the depths: the area between the fat cells under the skin and the lymphatic vessels. It is also important to analyse the relationship between these structures.<\/p>\n<p>Bei Frauen mit Lip\u00f6dem ist die Produktion der Lymphfl\u00fcssigkeit erh\u00f6ht und gleichzeitig die Abtransportf\u00e4higkeit der Lymphgef\u00e4\u00dfe gemindert. Die erh\u00f6hte Produktion hat vor allem mit der Durchl\u00e4ssigkeit der Blutgef\u00e4\u00dfe zu tun; durch die genetische Empfindlichkeit treten schneller blaue Flecken auf der Haut auf. Auf der anderen Seite ist die Abtransportf\u00e4higkeit der Lymphgef\u00e4\u00dfe vor allem abh\u00e4ngig von hormonellen Ver\u00e4nderunge.<\/p>\n<p>This results to a progressive accumulation of protein-rich fluid between the fat cells. This increased amount of fluid passes over time from the intercellular space into the interior of the fat cells, thus causing the formation of altered \u201cballooned\u201d fat cells with lymphatic fluid.<\/p>\n<p>These altered cells (lipedema cells) no longer serve as energy stores, but form a volume that hardly reacts to exercise or diet. Furthermore, the body reacts reactively with the production of inflammatory elements such as leukocytes and cytokines, which can cause the chronic discomfort and sensitivities to affected women.<\/p>\n<p style=\"text-align: left;\">Diese ver\u00e4nderten Zellen (Lip\u00f6dem-Zellen) dienen nicht l\u00e4nger als Energiespeicher, sondern bilden ein Volumen, das kaum auf Sport oder Di\u00e4t reagiert. Des Weiteren reagiert der K\u00f6rper reaktiv mit der Produktion von entz\u00fcndlichen Elementen wie Leukozyten und Zytokinen, die die chronischen Beschwerden und Empfindlichkeiten bei betroffenen Frauen verursachen k\u00f6nnen.<\/p>\n\t\t\n<style>\n#text-792296217 {\n  text-align: left;\n}\n<\/style>\n\t<\/div>\n\t\n\n\t\t<\/div>\n\t\t\t\t\t<\/div>\n\n\t\n\n<\/div>\n\n\t\t<\/div>\n\n\t\t\n<style>\n#section_1222568841 {\n  padding-top: 30px;\n  padding-bottom: 30px;\n}\n<\/style>\n\t<\/section>","protected":false},"excerpt":{"rendered":"","protected":false},"author":1,"featured_media":0,"parent":380,"menu_order":0,"comment_status":"closed","ping_status":"closed","template":"","meta":{"_acf_changed":false,"footnotes":""},"class_list":["post-468","page","type-page","status-publish","hentry"],"acf":[],"yoast_head":"<!-- This site is optimized with the Yoast SEO plugin v27.4 - https:\/\/yoast.com\/product\/yoast-seo-wordpress\/ -->\n<title>Causes - internationallipedemasurgicalcenter<\/title>\n<meta name=\"robots\" content=\"index, follow, max-snippet:-1, max-image-preview:large, max-video-preview:-1\" \/>\n<link rel=\"canonical\" href=\"https:\/\/internationallipedemasurgicalcenter.com\/de\/lipedima\/causes\/\" \/>\n<meta property=\"og:locale\" content=\"de_DE\" \/>\n<meta property=\"og:type\" content=\"article\" \/>\n<meta property=\"og:title\" content=\"Causes - internationallipedemasurgicalcenter\" \/>\n<meta property=\"og:url\" content=\"https:\/\/internationallipedemasurgicalcenter.com\/de\/lipedima\/causes\/\" \/>\n<meta property=\"og:site_name\" content=\"internationallipedemasurgicalcenter\" \/>\n<meta property=\"article:modified_time\" content=\"2023-11-20T15:39:35+00:00\" \/>\n<meta name=\"twitter:card\" content=\"summary_large_image\" \/>\n<meta name=\"twitter:label1\" content=\"Gesch\u00e4tzte Lesezeit\" \/>\n\t<meta name=\"twitter:data1\" content=\"2\u00a0Minuten\" \/>\n<script type=\"application\/ld+json\" class=\"yoast-schema-graph\">{\"@context\":\"https:\\\/\\\/schema.org\",\"@graph\":[{\"@type\":\"WebPage\",\"@id\":\"https:\\\/\\\/internationallipedemasurgicalcenter.com\\\/lipedima\\\/causes\\\/\",\"url\":\"https:\\\/\\\/internationallipedemasurgicalcenter.com\\\/lipedima\\\/causes\\\/\",\"name\":\"Causes - internationallipedemasurgicalcenter\",\"isPartOf\":{\"@id\":\"https:\\\/\\\/internationallipedemasurgicalcenter.com\\\/#website\"},\"datePublished\":\"2022-09-23T16:18:27+00:00\",\"dateModified\":\"2023-11-20T15:39:35+00:00\",\"breadcrumb\":{\"@id\":\"https:\\\/\\\/internationallipedemasurgicalcenter.com\\\/lipedima\\\/causes\\\/#breadcrumb\"},\"inLanguage\":\"de\",\"potentialAction\":[{\"@type\":\"ReadAction\",\"target\":[\"https:\\\/\\\/internationallipedemasurgicalcenter.com\\\/lipedima\\\/causes\\\/\"]}]},{\"@type\":\"BreadcrumbList\",\"@id\":\"https:\\\/\\\/internationallipedemasurgicalcenter.com\\\/lipedima\\\/causes\\\/#breadcrumb\",\"itemListElement\":[{\"@type\":\"ListItem\",\"position\":1,\"name\":\"Home\",\"item\":\"https:\\\/\\\/internationallipedemasurgicalcenter.com\\\/\"},{\"@type\":\"ListItem\",\"position\":2,\"name\":\"Lipedema\",\"item\":\"https:\\\/\\\/internationallipedemasurgicalcenter.com\\\/lipedima\\\/\"},{\"@type\":\"ListItem\",\"position\":3,\"name\":\"Causes\"}]},{\"@type\":\"WebSite\",\"@id\":\"https:\\\/\\\/internationallipedemasurgicalcenter.com\\\/#website\",\"url\":\"https:\\\/\\\/internationallipedemasurgicalcenter.com\\\/\",\"name\":\"internationallipedemasurgicalcenter\",\"description\":\"Lipedema center\",\"potentialAction\":[{\"@type\":\"SearchAction\",\"target\":{\"@type\":\"EntryPoint\",\"urlTemplate\":\"https:\\\/\\\/internationallipedemasurgicalcenter.com\\\/?s={search_term_string}\"},\"query-input\":{\"@type\":\"PropertyValueSpecification\",\"valueRequired\":true,\"valueName\":\"search_term_string\"}}],\"inLanguage\":\"de\"}]}<\/script>\n<!-- \/ Yoast SEO plugin. -->","yoast_head_json":{"title":"Causes - internationallipedemasurgicalcenter","robots":{"index":"index","follow":"follow","max-snippet":"max-snippet:-1","max-image-preview":"max-image-preview:large","max-video-preview":"max-video-preview:-1"},"canonical":"https:\/\/internationallipedemasurgicalcenter.com\/de\/lipedima\/causes\/","og_locale":"de_DE","og_type":"article","og_title":"Causes - internationallipedemasurgicalcenter","og_url":"https:\/\/internationallipedemasurgicalcenter.com\/de\/lipedima\/causes\/","og_site_name":"internationallipedemasurgicalcenter","article_modified_time":"2023-11-20T15:39:35+00:00","twitter_card":"summary_large_image","twitter_misc":{"Gesch\u00e4tzte Lesezeit":"2\u00a0Minuten"},"schema":{"@context":"https:\/\/schema.org","@graph":[{"@type":"WebPage","@id":"https:\/\/internationallipedemasurgicalcenter.com\/lipedima\/causes\/","url":"https:\/\/internationallipedemasurgicalcenter.com\/lipedima\/causes\/","name":"Causes - internationallipedemasurgicalcenter","isPartOf":{"@id":"https:\/\/internationallipedemasurgicalcenter.com\/#website"},"datePublished":"2022-09-23T16:18:27+00:00","dateModified":"2023-11-20T15:39:35+00:00","breadcrumb":{"@id":"https:\/\/internationallipedemasurgicalcenter.com\/lipedima\/causes\/#breadcrumb"},"inLanguage":"de","potentialAction":[{"@type":"ReadAction","target":["https:\/\/internationallipedemasurgicalcenter.com\/lipedima\/causes\/"]}]},{"@type":"BreadcrumbList","@id":"https:\/\/internationallipedemasurgicalcenter.com\/lipedima\/causes\/#breadcrumb","itemListElement":[{"@type":"ListItem","position":1,"name":"Home","item":"https:\/\/internationallipedemasurgicalcenter.com\/"},{"@type":"ListItem","position":2,"name":"Lipedema","item":"https:\/\/internationallipedemasurgicalcenter.com\/lipedima\/"},{"@type":"ListItem","position":3,"name":"Causes"}]},{"@type":"WebSite","@id":"https:\/\/internationallipedemasurgicalcenter.com\/#website","url":"https:\/\/internationallipedemasurgicalcenter.com\/","name":"Internationales Lip\u00f6dem-Chirurgiezentrum","description":"Lipedema center","potentialAction":[{"@type":"SearchAction","target":{"@type":"EntryPoint","urlTemplate":"https:\/\/internationallipedemasurgicalcenter.com\/?s={search_term_string}"},"query-input":{"@type":"PropertyValueSpecification","valueRequired":true,"valueName":"search_term_string"}}],"inLanguage":"de"}]}},"_links":{"self":[{"href":"https:\/\/internationallipedemasurgicalcenter.com\/de\/wp-json\/wp\/v2\/pages\/468","targetHints":{"allow":["GET"]}}],"collection":[{"href":"https:\/\/internationallipedemasurgicalcenter.com\/de\/wp-json\/wp\/v2\/pages"}],"about":[{"href":"https:\/\/internationallipedemasurgicalcenter.com\/de\/wp-json\/wp\/v2\/types\/page"}],"author":[{"embeddable":true,"href":"https:\/\/internationallipedemasurgicalcenter.com\/de\/wp-json\/wp\/v2\/users\/1"}],"replies":[{"embeddable":true,"href":"https:\/\/internationallipedemasurgicalcenter.com\/de\/wp-json\/wp\/v2\/comments?post=468"}],"version-history":[{"count":8,"href":"https:\/\/internationallipedemasurgicalcenter.com\/de\/wp-json\/wp\/v2\/pages\/468\/revisions"}],"predecessor-version":[{"id":765,"href":"https:\/\/internationallipedemasurgicalcenter.com\/de\/wp-json\/wp\/v2\/pages\/468\/revisions\/765"}],"up":[{"embeddable":true,"href":"https:\/\/internationallipedemasurgicalcenter.com\/de\/wp-json\/wp\/v2\/pages\/380"}],"wp:attachment":[{"href":"https:\/\/internationallipedemasurgicalcenter.com\/de\/wp-json\/wp\/v2\/media?parent=468"}],"curies":[{"name":"wp","href":"https:\/\/api.w.org\/{rel}","templated":true}]}}