{"id":390,"date":"2022-09-18T14:38:08","date_gmt":"2022-09-18T12:38:08","guid":{"rendered":"https:\/\/internationallipedemasurgicalcenter.com\/?page_id=390"},"modified":"2023-11-20T17:37:14","modified_gmt":"2023-11-20T15:37:14","slug":"stages","status":"publish","type":"page","link":"https:\/\/internationallipedemasurgicalcenter.com\/de\/lipedima\/stages\/","title":{"rendered":"Stadien"},"content":{"rendered":"<section class=\"section\" id=\"section_109381703\">\n\t\t<div class=\"bg section-bg fill bg-fill  bg-loaded\" >\n\n\t\t\t\n\t\t\t\n\t\t\t\n\n\t\t<\/div>\n\n\t\t\n\n\t\t<div class=\"section-content relative\">\n\t\t\t\n\n<div class=\"row row-full-width align-middle align-center\"  id=\"row-510813362\">\n\n\n\t<div id=\"col-134779998\" class=\"col small-12 large-12\"  >\n\t\t\t\t<div class=\"col-inner text-center\"  >\n\t\t\t\n\t\t\t\n\n  <div id=\"page-header-1613155097\" class=\"page-header-wrapper\">\n  <div class=\"page-title light simple-title\">\n\n    \n    <div class=\"page-title-inner container align-center text-center flex-row-col medium-flex-wrap\" >\n              <div class=\"title-wrapper flex-col\">\n          <h1 class=\"entry-title mb-0\">\n            Stadien          <\/h1>\n        <\/div>\n                    <div class=\"title-content flex-col\">\n              <\/div>\n    <\/div>\n\n       <\/div>\n    <\/div>\n  \n\n<div class=\"text-center\"><div class=\"is-divider divider clearfix\" style=\"max-width:60%;height:2px;background-color:rgb(143, 129, 129);\"><\/div><\/div>\n\n<div class=\"row\"  id=\"row-192693805\">\n\n\n\t<div id=\"col-1147349683\" class=\"col medium-4 small-12 large-4\"  >\n\t\t\t\t<div class=\"col-inner\"  >\n\t\t\t\n\t\t\t\n\n\t<div class=\"img has-hover x md-x lg-x y md-y lg-y\" id=\"image_1459264859\">\n\t\t\t\t\t\t\t\t<div class=\"img-inner dark\" >\n\t\t\t<img loading=\"lazy\" decoding=\"async\" width=\"628\" height=\"800\" src=\"https:\/\/internationallipedemasurgicalcenter.com\/wp-content\/uploads\/2022\/11\/lipoedem-grad-1-628x800.png\" class=\"attachment-large size-large\" alt=\"\" srcset=\"https:\/\/internationallipedemasurgicalcenter.com\/wp-content\/uploads\/2022\/11\/lipoedem-grad-1-628x800.png 628w, https:\/\/internationallipedemasurgicalcenter.com\/wp-content\/uploads\/2022\/11\/lipoedem-grad-1-314x400.png 314w, https:\/\/internationallipedemasurgicalcenter.com\/wp-content\/uploads\/2022\/11\/lipoedem-grad-1-768x978.png 768w, https:\/\/internationallipedemasurgicalcenter.com\/wp-content\/uploads\/2022\/11\/lipoedem-grad-1-9x12.png 9w, https:\/\/internationallipedemasurgicalcenter.com\/wp-content\/uploads\/2022\/11\/lipoedem-grad-1.png 960w\" sizes=\"auto, (max-width: 628px) 100vw, 628px\" \/>\t\t\t\t\t\t\n\t\t\t\t\t<\/div>\n\t\t\t\t\t\t\t\t\n<style>\n#image_1459264859 {\n  width: 79%;\n}\n<\/style>\n\t<\/div>\n\t\n\n\n\t\t<\/div>\n\t\t\t\t\t<\/div>\n\n\t\n\n\t<div id=\"col-747079168\" class=\"col medium-4 small-12 large-4\"  >\n\t\t\t\t<div class=\"col-inner\"  >\n\t\t\t\n\t\t\t\n\n\t<div class=\"img has-hover x md-x lg-x y md-y lg-y\" id=\"image_700470171\">\n\t\t\t\t\t\t\t\t<div class=\"img-inner dark\" >\n\t\t\t<img loading=\"lazy\" decoding=\"async\" width=\"634\" height=\"800\" src=\"https:\/\/internationallipedemasurgicalcenter.com\/wp-content\/uploads\/2022\/11\/lipoedem-grad-2-634x800.png\" class=\"attachment-large size-large\" alt=\"\" srcset=\"https:\/\/internationallipedemasurgicalcenter.com\/wp-content\/uploads\/2022\/11\/lipoedem-grad-2-634x800.png 634w, https:\/\/internationallipedemasurgicalcenter.com\/wp-content\/uploads\/2022\/11\/lipoedem-grad-2-317x400.png 317w, https:\/\/internationallipedemasurgicalcenter.com\/wp-content\/uploads\/2022\/11\/lipoedem-grad-2-768x969.png 768w, https:\/\/internationallipedemasurgicalcenter.com\/wp-content\/uploads\/2022\/11\/lipoedem-grad-2-10x12.png 10w, https:\/\/internationallipedemasurgicalcenter.com\/wp-content\/uploads\/2022\/11\/lipoedem-grad-2.png 962w\" sizes=\"auto, (max-width: 634px) 100vw, 634px\" \/>\t\t\t\t\t\t\n\t\t\t\t\t<\/div>\n\t\t\t\t\t\t\t\t\n<style>\n#image_700470171 {\n  width: 79%;\n}\n<\/style>\n\t<\/div>\n\t\n\n\n\t\t<\/div>\n\t\t\t\t\t<\/div>\n\n\t\n\n\t<div id=\"col-914693776\" class=\"col medium-4 small-12 large-4\"  >\n\t\t\t\t<div class=\"col-inner\"  >\n\t\t\t\n\t\t\t\n\n\t<div class=\"img has-hover x md-x lg-x y md-y lg-y\" id=\"image_300638445\">\n\t\t\t\t\t\t\t\t<div class=\"img-inner dark\" >\n\t\t\t<img loading=\"lazy\" decoding=\"async\" width=\"626\" height=\"800\" src=\"https:\/\/internationallipedemasurgicalcenter.com\/wp-content\/uploads\/2022\/11\/lipoedem-grad-3-626x800.png\" class=\"attachment-large size-large\" alt=\"\" srcset=\"https:\/\/internationallipedemasurgicalcenter.com\/wp-content\/uploads\/2022\/11\/lipoedem-grad-3-626x800.png 626w, https:\/\/internationallipedemasurgicalcenter.com\/wp-content\/uploads\/2022\/11\/lipoedem-grad-3-313x400.png 313w, https:\/\/internationallipedemasurgicalcenter.com\/wp-content\/uploads\/2022\/11\/lipoedem-grad-3-768x981.png 768w, https:\/\/internationallipedemasurgicalcenter.com\/wp-content\/uploads\/2022\/11\/lipoedem-grad-3-9x12.png 9w, https:\/\/internationallipedemasurgicalcenter.com\/wp-content\/uploads\/2022\/11\/lipoedem-grad-3.png 958w\" sizes=\"auto, (max-width: 626px) 100vw, 626px\" \/>\t\t\t\t\t\t\n\t\t\t\t\t<\/div>\n\t\t\t\t\t\t\t\t\n<style>\n#image_300638445 {\n  width: 79%;\n}\n<\/style>\n\t<\/div>\n\t\n\n\n\t\t<\/div>\n\t\t\t\t\t<\/div>\n\n\t\n\n<\/div>\n<p>The\u00a0 progress of lipedema may be divided into several stages. However, it should be noted that the disease may develop to each affected individual differently with single symptoms. Internationally, there are several different classifications. In Europe, especially the morphological classification is widespread and accepted. According to this classification, we have main 3 stages.<\/p>\n\t<div class=\"img has-hover x md-x lg-x y md-y lg-y\" id=\"image_2075205931\">\n\t\t\t\t\t\t\t\t<div class=\"img-inner dark\" >\n\t\t\t<img loading=\"lazy\" decoding=\"async\" width=\"1020\" height=\"372\" src=\"https:\/\/internationallipedemasurgicalcenter.com\/wp-content\/uploads\/2022\/11\/shutterstock_2167937205-1400x510.jpg\" class=\"attachment-large size-large\" alt=\"\" srcset=\"https:\/\/internationallipedemasurgicalcenter.com\/wp-content\/uploads\/2022\/11\/shutterstock_2167937205-1400x510.jpg 1400w, https:\/\/internationallipedemasurgicalcenter.com\/wp-content\/uploads\/2022\/11\/shutterstock_2167937205-800x292.jpg 800w, https:\/\/internationallipedemasurgicalcenter.com\/wp-content\/uploads\/2022\/11\/shutterstock_2167937205-768x280.jpg 768w, https:\/\/internationallipedemasurgicalcenter.com\/wp-content\/uploads\/2022\/11\/shutterstock_2167937205-1536x560.jpg 1536w, https:\/\/internationallipedemasurgicalcenter.com\/wp-content\/uploads\/2022\/11\/shutterstock_2167937205-2048x747.jpg 2048w, https:\/\/internationallipedemasurgicalcenter.com\/wp-content\/uploads\/2022\/11\/shutterstock_2167937205-18x7.jpg 18w\" sizes=\"auto, (max-width: 1020px) 100vw, 1020px\" \/>\t\t\t\t\t\t\n\t\t\t\t\t<\/div>\n\t\t\t\t\t\t\t\t\n<style>\n#image_2075205931 {\n  width: 100%;\n}\n<\/style>\n\t<\/div>\n\t\n\n<p>In addition to the stage classification, which relates to the skin and tissue morphology , there are 4 different types of lipedema, depending on the localization of the affected areas:<\/p>\n<ul>\n<li style=\"text-align: left;\"><strong>Typ 1<\/strong>: Die Schwellung findet sich haupts\u00e4chlich im Bereich der sogenannten Reithose, an H\u00fcfte und Ges\u00e4\u00df.<\/li>\n<li style=\"text-align: left;\"><strong>Typ 2<\/strong>: Die Krankheit betrifft den gesamten Oberschenkel bis zu den Knien<\/li>\n<li style=\"text-align: left;\"><strong>Typ 3<\/strong>: Lip\u00f6dem betrifft die ganzen Beine bis zu den Kn\u00f6cheln<\/li>\n<li style=\"text-align: left;\"><strong>Typ 4<\/strong>: Die Arme sind ebenfalls betroffen.<\/li>\n<li style=\"text-align: left;\"><strong>Typ 5:<\/strong> Unterschenkel und Waden sind betroffen<\/li>\n<\/ul>\n\n\t\t<\/div>\n\t\t\t\t\t<\/div>\n\n\t\n\n<\/div>\n<div class=\"row\"  id=\"row-797317246\">\n\n\n<\/div>\n\n\t\t<\/div>\n\n\t\t\n<style>\n#section_109381703 {\n  padding-top: 30px;\n  padding-bottom: 30px;\n}\n<\/style>\n\t<\/section>","protected":false},"excerpt":{"rendered":"","protected":false},"author":1,"featured_media":0,"parent":380,"menu_order":0,"comment_status":"closed","ping_status":"closed","template":"","meta":{"_acf_changed":false,"footnotes":""},"class_list":["post-390","page","type-page","status-publish","hentry"],"acf":[],"yoast_head":"<!-- This site is optimized with the Yoast SEO plugin v27.4 - https:\/\/yoast.com\/product\/yoast-seo-wordpress\/ -->\n<title>Stages - internationallipedemasurgicalcenter<\/title>\n<meta name=\"robots\" content=\"index, follow, max-snippet:-1, max-image-preview:large, max-video-preview:-1\" \/>\n<link rel=\"canonical\" href=\"https:\/\/internationallipedemasurgicalcenter.com\/de\/lipedima\/stages\/\" \/>\n<meta property=\"og:locale\" content=\"de_DE\" \/>\n<meta property=\"og:type\" content=\"article\" \/>\n<meta property=\"og:title\" content=\"Stages - internationallipedemasurgicalcenter\" \/>\n<meta property=\"og:url\" content=\"https:\/\/internationallipedemasurgicalcenter.com\/de\/lipedima\/stages\/\" \/>\n<meta property=\"og:site_name\" content=\"internationallipedemasurgicalcenter\" \/>\n<meta property=\"article:modified_time\" content=\"2023-11-20T15:37:14+00:00\" \/>\n<meta name=\"twitter:card\" content=\"summary_large_image\" \/>\n<meta name=\"twitter:label1\" content=\"Gesch\u00e4tzte Lesezeit\" \/>\n\t<meta name=\"twitter:data1\" content=\"1\u00a0Minute\" \/>\n<script type=\"application\/ld+json\" class=\"yoast-schema-graph\">{\"@context\":\"https:\\\/\\\/schema.org\",\"@graph\":[{\"@type\":\"WebPage\",\"@id\":\"https:\\\/\\\/internationallipedemasurgicalcenter.com\\\/lipedima\\\/stages\\\/\",\"url\":\"https:\\\/\\\/internationallipedemasurgicalcenter.com\\\/lipedima\\\/stages\\\/\",\"name\":\"Stages - internationallipedemasurgicalcenter\",\"isPartOf\":{\"@id\":\"https:\\\/\\\/internationallipedemasurgicalcenter.com\\\/#website\"},\"datePublished\":\"2022-09-18T12:38:08+00:00\",\"dateModified\":\"2023-11-20T15:37:14+00:00\",\"breadcrumb\":{\"@id\":\"https:\\\/\\\/internationallipedemasurgicalcenter.com\\\/lipedima\\\/stages\\\/#breadcrumb\"},\"inLanguage\":\"de\",\"potentialAction\":[{\"@type\":\"ReadAction\",\"target\":[\"https:\\\/\\\/internationallipedemasurgicalcenter.com\\\/lipedima\\\/stages\\\/\"]}]},{\"@type\":\"BreadcrumbList\",\"@id\":\"https:\\\/\\\/internationallipedemasurgicalcenter.com\\\/lipedima\\\/stages\\\/#breadcrumb\",\"itemListElement\":[{\"@type\":\"ListItem\",\"position\":1,\"name\":\"Home\",\"item\":\"https:\\\/\\\/internationallipedemasurgicalcenter.com\\\/\"},{\"@type\":\"ListItem\",\"position\":2,\"name\":\"Lipedema\",\"item\":\"https:\\\/\\\/internationallipedemasurgicalcenter.com\\\/lipedima\\\/\"},{\"@type\":\"ListItem\",\"position\":3,\"name\":\"Stages\"}]},{\"@type\":\"WebSite\",\"@id\":\"https:\\\/\\\/internationallipedemasurgicalcenter.com\\\/#website\",\"url\":\"https:\\\/\\\/internationallipedemasurgicalcenter.com\\\/\",\"name\":\"internationallipedemasurgicalcenter\",\"description\":\"Lipedema center\",\"potentialAction\":[{\"@type\":\"SearchAction\",\"target\":{\"@type\":\"EntryPoint\",\"urlTemplate\":\"https:\\\/\\\/internationallipedemasurgicalcenter.com\\\/?s={search_term_string}\"},\"query-input\":{\"@type\":\"PropertyValueSpecification\",\"valueRequired\":true,\"valueName\":\"search_term_string\"}}],\"inLanguage\":\"de\"}]}<\/script>\n<!-- \/ Yoast SEO plugin. -->","yoast_head_json":{"title":"Stages - internationallipedemasurgicalcenter","robots":{"index":"index","follow":"follow","max-snippet":"max-snippet:-1","max-image-preview":"max-image-preview:large","max-video-preview":"max-video-preview:-1"},"canonical":"https:\/\/internationallipedemasurgicalcenter.com\/de\/lipedima\/stages\/","og_locale":"de_DE","og_type":"article","og_title":"Stages - internationallipedemasurgicalcenter","og_url":"https:\/\/internationallipedemasurgicalcenter.com\/de\/lipedima\/stages\/","og_site_name":"internationallipedemasurgicalcenter","article_modified_time":"2023-11-20T15:37:14+00:00","twitter_card":"summary_large_image","twitter_misc":{"Gesch\u00e4tzte Lesezeit":"1\u00a0Minute"},"schema":{"@context":"https:\/\/schema.org","@graph":[{"@type":"WebPage","@id":"https:\/\/internationallipedemasurgicalcenter.com\/lipedima\/stages\/","url":"https:\/\/internationallipedemasurgicalcenter.com\/lipedima\/stages\/","name":"Stages - internationallipedemasurgicalcenter","isPartOf":{"@id":"https:\/\/internationallipedemasurgicalcenter.com\/#website"},"datePublished":"2022-09-18T12:38:08+00:00","dateModified":"2023-11-20T15:37:14+00:00","breadcrumb":{"@id":"https:\/\/internationallipedemasurgicalcenter.com\/lipedima\/stages\/#breadcrumb"},"inLanguage":"de","potentialAction":[{"@type":"ReadAction","target":["https:\/\/internationallipedemasurgicalcenter.com\/lipedima\/stages\/"]}]},{"@type":"BreadcrumbList","@id":"https:\/\/internationallipedemasurgicalcenter.com\/lipedima\/stages\/#breadcrumb","itemListElement":[{"@type":"ListItem","position":1,"name":"Home","item":"https:\/\/internationallipedemasurgicalcenter.com\/"},{"@type":"ListItem","position":2,"name":"Lipedema","item":"https:\/\/internationallipedemasurgicalcenter.com\/lipedima\/"},{"@type":"ListItem","position":3,"name":"Stages"}]},{"@type":"WebSite","@id":"https:\/\/internationallipedemasurgicalcenter.com\/#website","url":"https:\/\/internationallipedemasurgicalcenter.com\/","name":"Internationales Lip\u00f6dem-Chirurgiezentrum","description":"Lipedema center","potentialAction":[{"@type":"SearchAction","target":{"@type":"EntryPoint","urlTemplate":"https:\/\/internationallipedemasurgicalcenter.com\/?s={search_term_string}"},"query-input":{"@type":"PropertyValueSpecification","valueRequired":true,"valueName":"search_term_string"}}],"inLanguage":"de"}]}},"_links":{"self":[{"href":"https:\/\/internationallipedemasurgicalcenter.com\/de\/wp-json\/wp\/v2\/pages\/390","targetHints":{"allow":["GET"]}}],"collection":[{"href":"https:\/\/internationallipedemasurgicalcenter.com\/de\/wp-json\/wp\/v2\/pages"}],"about":[{"href":"https:\/\/internationallipedemasurgicalcenter.com\/de\/wp-json\/wp\/v2\/types\/page"}],"author":[{"embeddable":true,"href":"https:\/\/internationallipedemasurgicalcenter.com\/de\/wp-json\/wp\/v2\/users\/1"}],"replies":[{"embeddable":true,"href":"https:\/\/internationallipedemasurgicalcenter.com\/de\/wp-json\/wp\/v2\/comments?post=390"}],"version-history":[{"count":13,"href":"https:\/\/internationallipedemasurgicalcenter.com\/de\/wp-json\/wp\/v2\/pages\/390\/revisions"}],"predecessor-version":[{"id":764,"href":"https:\/\/internationallipedemasurgicalcenter.com\/de\/wp-json\/wp\/v2\/pages\/390\/revisions\/764"}],"up":[{"embeddable":true,"href":"https:\/\/internationallipedemasurgicalcenter.com\/de\/wp-json\/wp\/v2\/pages\/380"}],"wp:attachment":[{"href":"https:\/\/internationallipedemasurgicalcenter.com\/de\/wp-json\/wp\/v2\/media?parent=390"}],"curies":[{"name":"wp","href":"https:\/\/api.w.org\/{rel}","templated":true}]}}