{"id":380,"date":"2022-09-18T14:33:31","date_gmt":"2022-09-18T12:33:31","guid":{"rendered":"https:\/\/internationallipedemasurgicalcenter.com\/?page_id=380"},"modified":"2022-11-27T13:19:28","modified_gmt":"2022-11-27T11:19:28","slug":"lipedima","status":"publish","type":"page","link":"https:\/\/internationallipedemasurgicalcenter.com\/de\/lipedima\/","title":{"rendered":"Lip\u00f6dem"},"content":{"rendered":"<section class=\"section\" id=\"section_832533415\">\n\t\t<div class=\"bg section-bg fill bg-fill  bg-loaded\" >\n\n\t\t\t\n\t\t\t\n\t\t\t\n\n\t\t<\/div>\n\n\t\t\n\n\t\t<div class=\"section-content relative\">\n\t\t\t\n\n<div class=\"row align-middle align-center\"  id=\"row-1590549583\">\n\n\n\t<div id=\"col-96615394\" class=\"col small-12 large-12\"  >\n\t\t\t\t<div class=\"col-inner text-center\"  >\n\t\t\t\n\t\t\t\n\n  <div id=\"page-header-1328670413\" class=\"page-header-wrapper\">\n  <div class=\"page-title light simple-title\">\n\n    \n    <div class=\"page-title-inner container align-center text-center flex-row-col medium-flex-wrap\" >\n              <div class=\"title-wrapper flex-col\">\n          <h1 class=\"entry-title mb-0\">\n            Lip\u00f6dem          <\/h1>\n        <\/div>\n                    <div class=\"title-content flex-col\">\n              <\/div>\n    <\/div>\n\n       <\/div>\n    <\/div>\n  \n\n<div class=\"is-divider divider clearfix\" style=\"max-width:60%;height:2px;background-color:rgb(0, 0, 0);\"><\/div>\n\n\t<div class=\"img has-hover x md-x lg-x y md-y lg-y\" id=\"image_102974915\">\n\t\t\t\t\t\t\t\t<div class=\"img-inner dark\" >\n\t\t\t<img loading=\"lazy\" decoding=\"async\" width=\"1900\" height=\"650\" src=\"https:\/\/internationallipedemasurgicalcenter.com\/wp-content\/uploads\/2022\/10\/shutterstock_1828179398-e1669547865436.jpg\" class=\"attachment-original size-original\" alt=\"\" srcset=\"https:\/\/internationallipedemasurgicalcenter.com\/wp-content\/uploads\/2022\/10\/shutterstock_1828179398-e1669547865436.jpg 1900w, https:\/\/internationallipedemasurgicalcenter.com\/wp-content\/uploads\/2022\/10\/shutterstock_1828179398-e1669547865436-800x274.jpg 800w, https:\/\/internationallipedemasurgicalcenter.com\/wp-content\/uploads\/2022\/10\/shutterstock_1828179398-e1669547865436-1400x479.jpg 1400w, https:\/\/internationallipedemasurgicalcenter.com\/wp-content\/uploads\/2022\/10\/shutterstock_1828179398-e1669547865436-768x263.jpg 768w, https:\/\/internationallipedemasurgicalcenter.com\/wp-content\/uploads\/2022\/10\/shutterstock_1828179398-e1669547865436-1536x525.jpg 1536w, https:\/\/internationallipedemasurgicalcenter.com\/wp-content\/uploads\/2022\/10\/shutterstock_1828179398-e1669547865436-18x6.jpg 18w\" sizes=\"auto, (max-width: 1900px) 100vw, 1900px\" \/>\t\t\t\t\t\t\n\t\t\t\t\t<\/div>\n\t\t\t\t\t\t\t\t\n<style>\n#image_102974915 {\n  width: 100%;\n}\n<\/style>\n\t<\/div>\n\t\n\n<div>\n<p><span lang=\"EN\">Das Lip\u00f6dem ist die h\u00e4ufigste Verteilungs-, aber auch Funktionsst\u00f6rung des Fettgewebes, die ca. 12% der Frauen in Europa betrifft. Allein in Deutschland leiden mehr als 4 Millionen Frauen unter Lip\u00f6dem. Bei den Betroffenen bilden sich Schwellungselemente im Sinne eines Staus der Lymphfl\u00fcssigkeit. Die Verteilungsst\u00f6rung tritt vor allem an den Extremit\u00e4ten (Armen und Beinen) und dem Fettgewebe der Unterhaut auf und verursacht zudem eine Funktionsst\u00f6rung der Zellen, die fortschreitend zu einem disproportionierten K\u00f6rper f\u00fchrt.<\/span><\/p>\n<\/div>\n<div>\n<p><span lang=\"EN\">Das Wort Lip\u00f6dem (griechisch: \u039b\u03b9\u03c0\u03bf\u03b9\u03b4\u03b7\u03bc\u03b1) besteht aus zwei Elementen:<strong> Lip<\/strong> = Fett und<strong> \u00d6dem<\/strong> = Schwellung.<\/span><\/p>\n<\/div>\n<div>\n<p><span lang=\"EN\">Viele betroffene Frauen \u2013 nur in seltenen F\u00e4llen tritt es bei M\u00e4nnern auf \u2013 leiden stark unter der Lip\u00f6dem-Erkrankung, sowohl unter den k\u00f6rperlichen Beschwerden als auch psychisch.<\/span><\/p>\n<\/div>\n<div>\n<p><span lang=\"EN\">An einem Lip\u00f6dem erkrankte Frauen f\u00fchlen sich h\u00e4ufig von ihrem Umfeld aber auch von \u00c4rzte nicht ernst genommen, da es f\u00e4lschlicherweise mit normalem \u00dcbergewicht bzw. einer Adipositas verwechselt wird.<\/span><\/p>\n<\/div>\n<div>\n<p><strong><span lang=\"EN\">Das Lip\u00f6dem ist eine Erkrankung, die sich nicht durch Sport oder eine Ern\u00e4hrungsumstellung regulieren l\u00e4sst.<\/span><\/strong><\/p>\n<\/div>\n<div>\n<p><span lang=\"EN\">Um das Leiden der Patientinnen zu lindern und wieder f\u00fcr mehr Lebensqualit\u00e4t zu sorgen, sind eine fr\u00fchestm\u00f6gliche Diagnose \u2013 ggf. durch mehrere \u00c4rzte \u2013, eine konservative Behandlungstherapie oder die dauerhafte Entfernung der krankhaften Fettansammlungen sinnvoll.<\/span><\/p>\n<\/div>\n\n\t\t<\/div>\n\t\t\t\t\t<\/div>\n\n\t\n\n<\/div>\n\n\t\t<\/div>\n\n\t\t\n<style>\n#section_832533415 {\n  padding-top: 30px;\n  padding-bottom: 30px;\n}\n<\/style>\n\t<\/section>","protected":false},"excerpt":{"rendered":"","protected":false},"author":1,"featured_media":0,"parent":0,"menu_order":0,"comment_status":"closed","ping_status":"closed","template":"","meta":{"_acf_changed":false,"footnotes":""},"class_list":["post-380","page","type-page","status-publish","hentry"],"acf":[],"yoast_head":"<!-- This site is optimized with the Yoast SEO plugin v27.4 - https:\/\/yoast.com\/product\/yoast-seo-wordpress\/ -->\n<title>Lipedema - internationallipedemasurgicalcenter<\/title>\n<meta name=\"robots\" content=\"index, follow, max-snippet:-1, max-image-preview:large, max-video-preview:-1\" \/>\n<link rel=\"canonical\" href=\"https:\/\/internationallipedemasurgicalcenter.com\/de\/lipedima\/\" \/>\n<meta property=\"og:locale\" content=\"de_DE\" \/>\n<meta property=\"og:type\" content=\"article\" \/>\n<meta property=\"og:title\" content=\"Lipedema - internationallipedemasurgicalcenter\" \/>\n<meta property=\"og:url\" content=\"https:\/\/internationallipedemasurgicalcenter.com\/de\/lipedima\/\" \/>\n<meta property=\"og:site_name\" content=\"internationallipedemasurgicalcenter\" \/>\n<meta property=\"article:modified_time\" content=\"2022-11-27T11:19:28+00:00\" \/>\n<meta name=\"twitter:card\" content=\"summary_large_image\" \/>\n<meta name=\"twitter:label1\" content=\"Gesch\u00e4tzte Lesezeit\" \/>\n\t<meta name=\"twitter:data1\" content=\"1\u00a0Minute\" \/>\n<script type=\"application\/ld+json\" class=\"yoast-schema-graph\">{\"@context\":\"https:\\\/\\\/schema.org\",\"@graph\":[{\"@type\":\"WebPage\",\"@id\":\"https:\\\/\\\/internationallipedemasurgicalcenter.com\\\/lipedima\\\/\",\"url\":\"https:\\\/\\\/internationallipedemasurgicalcenter.com\\\/lipedima\\\/\",\"name\":\"Lipedema - internationallipedemasurgicalcenter\",\"isPartOf\":{\"@id\":\"https:\\\/\\\/internationallipedemasurgicalcenter.com\\\/#website\"},\"datePublished\":\"2022-09-18T12:33:31+00:00\",\"dateModified\":\"2022-11-27T11:19:28+00:00\",\"breadcrumb\":{\"@id\":\"https:\\\/\\\/internationallipedemasurgicalcenter.com\\\/lipedima\\\/#breadcrumb\"},\"inLanguage\":\"de\",\"potentialAction\":[{\"@type\":\"ReadAction\",\"target\":[\"https:\\\/\\\/internationallipedemasurgicalcenter.com\\\/lipedima\\\/\"]}]},{\"@type\":\"BreadcrumbList\",\"@id\":\"https:\\\/\\\/internationallipedemasurgicalcenter.com\\\/lipedima\\\/#breadcrumb\",\"itemListElement\":[{\"@type\":\"ListItem\",\"position\":1,\"name\":\"Home\",\"item\":\"https:\\\/\\\/internationallipedemasurgicalcenter.com\\\/\"},{\"@type\":\"ListItem\",\"position\":2,\"name\":\"Lipedema\"}]},{\"@type\":\"WebSite\",\"@id\":\"https:\\\/\\\/internationallipedemasurgicalcenter.com\\\/#website\",\"url\":\"https:\\\/\\\/internationallipedemasurgicalcenter.com\\\/\",\"name\":\"internationallipedemasurgicalcenter\",\"description\":\"Lipedema center\",\"potentialAction\":[{\"@type\":\"SearchAction\",\"target\":{\"@type\":\"EntryPoint\",\"urlTemplate\":\"https:\\\/\\\/internationallipedemasurgicalcenter.com\\\/?s={search_term_string}\"},\"query-input\":{\"@type\":\"PropertyValueSpecification\",\"valueRequired\":true,\"valueName\":\"search_term_string\"}}],\"inLanguage\":\"de\"}]}<\/script>\n<!-- \/ Yoast SEO plugin. -->","yoast_head_json":{"title":"Lipedema - internationallipedemasurgicalcenter","robots":{"index":"index","follow":"follow","max-snippet":"max-snippet:-1","max-image-preview":"max-image-preview:large","max-video-preview":"max-video-preview:-1"},"canonical":"https:\/\/internationallipedemasurgicalcenter.com\/de\/lipedima\/","og_locale":"de_DE","og_type":"article","og_title":"Lipedema - internationallipedemasurgicalcenter","og_url":"https:\/\/internationallipedemasurgicalcenter.com\/de\/lipedima\/","og_site_name":"internationallipedemasurgicalcenter","article_modified_time":"2022-11-27T11:19:28+00:00","twitter_card":"summary_large_image","twitter_misc":{"Gesch\u00e4tzte Lesezeit":"1\u00a0Minute"},"schema":{"@context":"https:\/\/schema.org","@graph":[{"@type":"WebPage","@id":"https:\/\/internationallipedemasurgicalcenter.com\/lipedima\/","url":"https:\/\/internationallipedemasurgicalcenter.com\/lipedima\/","name":"Lipedema - internationallipedemasurgicalcenter","isPartOf":{"@id":"https:\/\/internationallipedemasurgicalcenter.com\/#website"},"datePublished":"2022-09-18T12:33:31+00:00","dateModified":"2022-11-27T11:19:28+00:00","breadcrumb":{"@id":"https:\/\/internationallipedemasurgicalcenter.com\/lipedima\/#breadcrumb"},"inLanguage":"de","potentialAction":[{"@type":"ReadAction","target":["https:\/\/internationallipedemasurgicalcenter.com\/lipedima\/"]}]},{"@type":"BreadcrumbList","@id":"https:\/\/internationallipedemasurgicalcenter.com\/lipedima\/#breadcrumb","itemListElement":[{"@type":"ListItem","position":1,"name":"Home","item":"https:\/\/internationallipedemasurgicalcenter.com\/"},{"@type":"ListItem","position":2,"name":"Lipedema"}]},{"@type":"WebSite","@id":"https:\/\/internationallipedemasurgicalcenter.com\/#website","url":"https:\/\/internationallipedemasurgicalcenter.com\/","name":"Internationales Lip\u00f6dem-Chirurgiezentrum","description":"Lipedema center","potentialAction":[{"@type":"SearchAction","target":{"@type":"EntryPoint","urlTemplate":"https:\/\/internationallipedemasurgicalcenter.com\/?s={search_term_string}"},"query-input":{"@type":"PropertyValueSpecification","valueRequired":true,"valueName":"search_term_string"}}],"inLanguage":"de"}]}},"_links":{"self":[{"href":"https:\/\/internationallipedemasurgicalcenter.com\/de\/wp-json\/wp\/v2\/pages\/380","targetHints":{"allow":["GET"]}}],"collection":[{"href":"https:\/\/internationallipedemasurgicalcenter.com\/de\/wp-json\/wp\/v2\/pages"}],"about":[{"href":"https:\/\/internationallipedemasurgicalcenter.com\/de\/wp-json\/wp\/v2\/types\/page"}],"author":[{"embeddable":true,"href":"https:\/\/internationallipedemasurgicalcenter.com\/de\/wp-json\/wp\/v2\/users\/1"}],"replies":[{"embeddable":true,"href":"https:\/\/internationallipedemasurgicalcenter.com\/de\/wp-json\/wp\/v2\/comments?post=380"}],"version-history":[{"count":9,"href":"https:\/\/internationallipedemasurgicalcenter.com\/de\/wp-json\/wp\/v2\/pages\/380\/revisions"}],"predecessor-version":[{"id":640,"href":"https:\/\/internationallipedemasurgicalcenter.com\/de\/wp-json\/wp\/v2\/pages\/380\/revisions\/640"}],"wp:attachment":[{"href":"https:\/\/internationallipedemasurgicalcenter.com\/de\/wp-json\/wp\/v2\/media?parent=380"}],"curies":[{"name":"wp","href":"https:\/\/api.w.org\/{rel}","templated":true}]}}