{"id":373,"date":"2022-09-18T14:30:19","date_gmt":"2022-09-18T12:30:19","guid":{"rendered":"https:\/\/internationallipedemasurgicalcenter.com\/?page_id=373"},"modified":"2024-06-03T14:08:31","modified_gmt":"2024-06-03T12:08:31","slug":"the-practice","status":"publish","type":"page","link":"https:\/\/internationallipedemasurgicalcenter.com\/de\/aboutus\/the-practice\/","title":{"rendered":"Partnerkliniken"},"content":{"rendered":"<section class=\"section\" id=\"section_352489234\">\n\t\t<div class=\"bg section-bg fill bg-fill  bg-loaded\" >\n\n\t\t\t\n\t\t\t\n\t\t\t\n\n\t\t<\/div>\n\n\t\t\n\n\t\t<div class=\"section-content relative\">\n\t\t\t\n\n<div class=\"row align-middle align-center\"  id=\"row-724982864\">\n\n\n\t<div id=\"col-55381610\" class=\"col small-12 large-12\"  >\n\t\t\t\t<div class=\"col-inner text-center\"  >\n\t\t\t\n\t\t\t\n\n  <div id=\"page-header-1092650136\" class=\"page-header-wrapper\">\n  <div class=\"page-title light simple-title\">\n\n    \n    <div class=\"page-title-inner container align-center text-center flex-row-col medium-flex-wrap\" >\n              <div class=\"title-wrapper flex-col\">\n          <h1 class=\"entry-title mb-0\">\n            Partnerkliniken          <\/h1>\n        <\/div>\n                    <div class=\"title-content flex-col\">\n              <\/div>\n    <\/div>\n\n       <\/div>\n    <\/div>\n  \n\n<div class=\"container section-title-container\" ><h3 class=\"section-title section-title-center\"><b><\/b><span class=\"section-title-main\" style=\"font-size:92%;\">Eseaclinic<\/span><b><\/b><\/h3><\/div>\n\n<div class=\"container section-title-container\" ><h4 class=\"section-title section-title-bold-center\"><b><\/b><span class=\"section-title-main\" style=\"font-size:78%;\">Thessaloniki, Greece<\/span><b><\/b><\/h4><\/div>\n\n  <div class=\"banner-grid-wrapper\">\n  <div id=\"banner-grid-894958126\" class=\"banner-grid row row-grid row-small\" data-packery-options=\"\">\n                      \n\n<div class=\"col grid-col large-6 grid-col-1\" ><div class=\"col-inner\">\n\n\t<div class=\"img has-hover x md-x lg-x y md-y lg-y\" id=\"image_1683007283\">\n\t\t\t\t\t\t\t\t<div class=\"img-inner image-cover dark\" style=\"padding-top:100%;\">\n\t\t\t<img loading=\"lazy\" decoding=\"async\" width=\"1020\" height=\"777\" src=\"https:\/\/internationallipedemasurgicalcenter.com\/wp-content\/uploads\/2023\/07\/MA405352-scaled-e1688991106708-1050x800.jpg\" class=\"attachment-large size-large\" alt=\"\" srcset=\"https:\/\/internationallipedemasurgicalcenter.com\/wp-content\/uploads\/2023\/07\/MA405352-scaled-e1688991106708-1050x800.jpg 1050w, https:\/\/internationallipedemasurgicalcenter.com\/wp-content\/uploads\/2023\/07\/MA405352-scaled-e1688991106708-525x400.jpg 525w, https:\/\/internationallipedemasurgicalcenter.com\/wp-content\/uploads\/2023\/07\/MA405352-scaled-e1688991106708-768x585.jpg 768w, https:\/\/internationallipedemasurgicalcenter.com\/wp-content\/uploads\/2023\/07\/MA405352-scaled-e1688991106708-1536x1171.jpg 1536w, https:\/\/internationallipedemasurgicalcenter.com\/wp-content\/uploads\/2023\/07\/MA405352-scaled-e1688991106708-2048x1561.jpg 2048w, https:\/\/internationallipedemasurgicalcenter.com\/wp-content\/uploads\/2023\/07\/MA405352-scaled-e1688991106708-16x12.jpg 16w\" sizes=\"auto, (max-width: 1020px) 100vw, 1020px\" \/>\t\t\t\t\t\t\n\t\t\t\t\t<\/div>\n\t\t\t\t\t\t\t\t\n<style>\n#image_1683007283 {\n  width: 100%;\n}\n<\/style>\n\t<\/div>\n\t\n\n\n<\/div><\/div>\n<div class=\"col grid-col large-6 grid-col-1-2\" ><div class=\"col-inner\">\n\n\t<div class=\"img has-hover x md-x lg-x y md-y lg-y\" id=\"image_493475894\">\n\t\t\t\t\t\t\t\t<div class=\"img-inner image-cover dark\" style=\"padding-top:100%;\">\n\t\t\t<img loading=\"lazy\" decoding=\"async\" width=\"1020\" height=\"765\" src=\"https:\/\/internationallipedemasurgicalcenter.com\/wp-content\/uploads\/2023\/05\/IMG_0135-1-1067x800.jpg\" class=\"attachment-large size-large\" alt=\"\" srcset=\"https:\/\/internationallipedemasurgicalcenter.com\/wp-content\/uploads\/2023\/05\/IMG_0135-1-1067x800.jpg 1067w, https:\/\/internationallipedemasurgicalcenter.com\/wp-content\/uploads\/2023\/05\/IMG_0135-1-533x400.jpg 533w, https:\/\/internationallipedemasurgicalcenter.com\/wp-content\/uploads\/2023\/05\/IMG_0135-1-768x576.jpg 768w, https:\/\/internationallipedemasurgicalcenter.com\/wp-content\/uploads\/2023\/05\/IMG_0135-1-1536x1152.jpg 1536w, https:\/\/internationallipedemasurgicalcenter.com\/wp-content\/uploads\/2023\/05\/IMG_0135-1-2048x1536.jpg 2048w, https:\/\/internationallipedemasurgicalcenter.com\/wp-content\/uploads\/2023\/05\/IMG_0135-1-16x12.jpg 16w\" sizes=\"auto, (max-width: 1020px) 100vw, 1020px\" \/>\t\t\t\t\t\t\n\t\t\t\t\t<\/div>\n\t\t\t\t\t\t\t\t\n<style>\n#image_493475894 {\n  width: 100%;\n}\n<\/style>\n\t<\/div>\n\t\n\n\n<\/div><\/div>\n<div class=\"col grid-col large-6 grid-col-1-2\" ><div class=\"col-inner\">\n\n\t<div class=\"img has-hover x md-x lg-x y md-y lg-y\" id=\"image_1254998985\">\n\t\t\t\t\t\t\t\t<div class=\"img-inner image-cover dark\" style=\"padding-top:100%;\">\n\t\t\t<img loading=\"lazy\" decoding=\"async\" width=\"1020\" height=\"765\" src=\"https:\/\/internationallipedemasurgicalcenter.com\/wp-content\/uploads\/2023\/05\/IMG_0307-1067x800.jpg\" class=\"attachment-large size-large\" alt=\"\" srcset=\"https:\/\/internationallipedemasurgicalcenter.com\/wp-content\/uploads\/2023\/05\/IMG_0307-1067x800.jpg 1067w, https:\/\/internationallipedemasurgicalcenter.com\/wp-content\/uploads\/2023\/05\/IMG_0307-533x400.jpg 533w, https:\/\/internationallipedemasurgicalcenter.com\/wp-content\/uploads\/2023\/05\/IMG_0307-768x576.jpg 768w, https:\/\/internationallipedemasurgicalcenter.com\/wp-content\/uploads\/2023\/05\/IMG_0307-1536x1152.jpg 1536w, https:\/\/internationallipedemasurgicalcenter.com\/wp-content\/uploads\/2023\/05\/IMG_0307-2048x1536.jpg 2048w, https:\/\/internationallipedemasurgicalcenter.com\/wp-content\/uploads\/2023\/05\/IMG_0307-16x12.jpg 16w\" sizes=\"auto, (max-width: 1020px) 100vw, 1020px\" \/>\t\t\t\t\t\t\n\t\t\t\t\t<\/div>\n\t\t\t\t\t\t\t\t\n<style>\n#image_1254998985 {\n  width: 100%;\n}\n<\/style>\n\t<\/div>\n\t\n\n\n<\/div><\/div>\n\n            <\/div>\n    <style>\n    #banner-grid-894958126 .grid-col-1{height: 600px}\n    #banner-grid-894958126 .grid-col-1-2{height: 300px}\n    #banner-grid-894958126 .grid-col-1-3{height:200px}\n    #banner-grid-894958126 .grid-col-2-3{height: 400px}\n    #banner-grid-894958126 .grid-col-1-4{height: 150px}\n    #banner-grid-894958126 .grid-col-3-4{height: 450px}\n\n\n    \n    \n\n  <\/style>\n    <\/div>\n  \n<div class=\"container section-title-container\" ><h3 class=\"section-title section-title-center\"><b><\/b><span class=\"section-title-main\" style=\"font-size:92%;\">Hannoverklinik<\/span><b><\/b><\/h3><\/div>\n\n<div class=\"container section-title-container\" ><h4 class=\"section-title section-title-bold-center\"><b><\/b><span class=\"section-title-main\" style=\"font-size:78%;\">Hannover, Deutschland<\/span><b><\/b><\/h4><\/div>\n\n  <div class=\"banner-grid-wrapper\">\n  <div id=\"banner-grid-1450105975\" class=\"banner-grid row row-grid row-small\" data-packery-options=\"\">\n                      \n\n<div class=\"col grid-col large-6 grid-col-1\" ><div class=\"col-inner\">\n\n\t<div class=\"img has-hover x md-x lg-x y md-y lg-y\" id=\"image_1730530772\">\n\t\t\t\t\t\t\t\t<div class=\"img-inner image-cover dark\" style=\"padding-top:100%;\">\n\t\t\t<img loading=\"lazy\" decoding=\"async\" width=\"1020\" height=\"632\" src=\"https:\/\/internationallipedemasurgicalcenter.com\/wp-content\/uploads\/2024\/06\/hk-1292x800.jpeg\" class=\"attachment-large size-large\" alt=\"\" srcset=\"https:\/\/internationallipedemasurgicalcenter.com\/wp-content\/uploads\/2024\/06\/hk-1292x800.jpeg 1292w, https:\/\/internationallipedemasurgicalcenter.com\/wp-content\/uploads\/2024\/06\/hk-646x400.jpeg 646w, https:\/\/internationallipedemasurgicalcenter.com\/wp-content\/uploads\/2024\/06\/hk-768x475.jpeg 768w, https:\/\/internationallipedemasurgicalcenter.com\/wp-content\/uploads\/2024\/06\/hk-18x12.jpeg 18w, https:\/\/internationallipedemasurgicalcenter.com\/wp-content\/uploads\/2024\/06\/hk.jpeg 1360w\" sizes=\"auto, (max-width: 1020px) 100vw, 1020px\" \/>\t\t\t\t\t\t\n\t\t\t\t\t<\/div>\n\t\t\t\t\t\t\t\t\n<style>\n#image_1730530772 {\n  width: 100%;\n}\n<\/style>\n\t<\/div>\n\t\n\n\n<\/div><\/div>\n<div class=\"col grid-col large-3 grid-col-1\" ><div class=\"col-inner\">\n\n\t<div class=\"img has-hover x md-x lg-x y md-y lg-y\" id=\"image_276223753\">\n\t\t\t\t\t\t\t\t<div class=\"img-inner image-cover dark\" style=\"padding-top:100%;\">\n\t\t\t<img loading=\"lazy\" decoding=\"async\" width=\"800\" height=\"800\" src=\"https:\/\/internationallipedemasurgicalcenter.com\/wp-content\/uploads\/2024\/06\/hk3-800x800.jpeg\" class=\"attachment-large size-large\" alt=\"\" srcset=\"https:\/\/internationallipedemasurgicalcenter.com\/wp-content\/uploads\/2024\/06\/hk3-800x800.jpeg 800w, https:\/\/internationallipedemasurgicalcenter.com\/wp-content\/uploads\/2024\/06\/hk3-400x400.jpeg 400w, https:\/\/internationallipedemasurgicalcenter.com\/wp-content\/uploads\/2024\/06\/hk3-280x280.jpeg 280w, https:\/\/internationallipedemasurgicalcenter.com\/wp-content\/uploads\/2024\/06\/hk3-768x768.jpeg 768w, https:\/\/internationallipedemasurgicalcenter.com\/wp-content\/uploads\/2024\/06\/hk3-12x12.jpeg 12w, https:\/\/internationallipedemasurgicalcenter.com\/wp-content\/uploads\/2024\/06\/hk3.jpeg 1020w\" sizes=\"auto, (max-width: 800px) 100vw, 800px\" \/>\t\t\t\t\t\t\n\t\t\t\t\t<\/div>\n\t\t\t\t\t\t\t\t\n<style>\n#image_276223753 {\n  width: 100%;\n}\n<\/style>\n\t<\/div>\n\t\n\n\n<\/div><\/div>\n<div class=\"col grid-col large-3 grid-col-1-2\" ><div class=\"col-inner\">\n\n\t<div class=\"img has-hover x md-x lg-x y md-y lg-y\" id=\"image_1088309870\">\n\t\t\t\t\t\t\t\t<div class=\"img-inner image-cover dark\" style=\"padding-top:100%;\">\n\t\t\t<img loading=\"lazy\" decoding=\"async\" width=\"801\" height=\"800\" src=\"https:\/\/internationallipedemasurgicalcenter.com\/wp-content\/uploads\/2024\/06\/hk2-801x800.jpeg\" class=\"attachment-large size-large\" alt=\"\" srcset=\"https:\/\/internationallipedemasurgicalcenter.com\/wp-content\/uploads\/2024\/06\/hk2-801x800.jpeg 801w, https:\/\/internationallipedemasurgicalcenter.com\/wp-content\/uploads\/2024\/06\/hk2-400x400.jpeg 400w, https:\/\/internationallipedemasurgicalcenter.com\/wp-content\/uploads\/2024\/06\/hk2-280x280.jpeg 280w, https:\/\/internationallipedemasurgicalcenter.com\/wp-content\/uploads\/2024\/06\/hk2-768x767.jpeg 768w, https:\/\/internationallipedemasurgicalcenter.com\/wp-content\/uploads\/2024\/06\/hk2-12x12.jpeg 12w, https:\/\/internationallipedemasurgicalcenter.com\/wp-content\/uploads\/2024\/06\/hk2.jpeg 1021w\" sizes=\"auto, (max-width: 801px) 100vw, 801px\" \/>\t\t\t\t\t\t\n\t\t\t\t\t<\/div>\n\t\t\t\t\t\t\t\t\n<style>\n#image_1088309870 {\n  width: 100%;\n}\n<\/style>\n\t<\/div>\n\t\n\n\n<\/div><\/div>\n<div class=\"col grid-col large-3 grid-col-1-2\" ><div class=\"col-inner\">\n\n\t<div class=\"img has-hover x md-x lg-x y md-y lg-y\" id=\"image_1242930066\">\n\t\t\t\t\t\t\t\t<div class=\"img-inner image-cover dark\" style=\"padding-top:100%;\">\n\t\t\t<img loading=\"lazy\" decoding=\"async\" width=\"802\" height=\"800\" src=\"https:\/\/internationallipedemasurgicalcenter.com\/wp-content\/uploads\/2024\/06\/Hannoverklinik_Patientenzimmer_Brustvergrosserung_Hannover-802x800.jpg\" class=\"attachment-large size-large\" alt=\"\" srcset=\"https:\/\/internationallipedemasurgicalcenter.com\/wp-content\/uploads\/2024\/06\/Hannoverklinik_Patientenzimmer_Brustvergrosserung_Hannover-802x800.jpg 802w, https:\/\/internationallipedemasurgicalcenter.com\/wp-content\/uploads\/2024\/06\/Hannoverklinik_Patientenzimmer_Brustvergrosserung_Hannover-401x400.jpg 401w, https:\/\/internationallipedemasurgicalcenter.com\/wp-content\/uploads\/2024\/06\/Hannoverklinik_Patientenzimmer_Brustvergrosserung_Hannover-280x280.jpg 280w, https:\/\/internationallipedemasurgicalcenter.com\/wp-content\/uploads\/2024\/06\/Hannoverklinik_Patientenzimmer_Brustvergrosserung_Hannover-768x766.jpg 768w, https:\/\/internationallipedemasurgicalcenter.com\/wp-content\/uploads\/2024\/06\/Hannoverklinik_Patientenzimmer_Brustvergrosserung_Hannover-12x12.jpg 12w, https:\/\/internationallipedemasurgicalcenter.com\/wp-content\/uploads\/2024\/06\/Hannoverklinik_Patientenzimmer_Brustvergrosserung_Hannover.jpg 1022w\" sizes=\"auto, (max-width: 802px) 100vw, 802px\" \/>\t\t\t\t\t\t\n\t\t\t\t\t<\/div>\n\t\t\t\t\t\t\t\t\n<style>\n#image_1242930066 {\n  width: 100%;\n}\n<\/style>\n\t<\/div>\n\t\n\n\n<\/div><\/div>\n\n            <\/div>\n    <style>\n    #banner-grid-1450105975 .grid-col-1{height: 600px}\n    #banner-grid-1450105975 .grid-col-1-2{height: 300px}\n    #banner-grid-1450105975 .grid-col-1-3{height:200px}\n    #banner-grid-1450105975 .grid-col-2-3{height: 400px}\n    #banner-grid-1450105975 .grid-col-1-4{height: 150px}\n    #banner-grid-1450105975 .grid-col-3-4{height: 450px}\n\n\n    \n    \n\n  <\/style>\n    <\/div>\n  \n<div class=\"container section-title-container\" ><h3 class=\"section-title section-title-center\"><b><\/b><span class=\"section-title-main\" style=\"font-size:92%;\">Young Aesthetics<\/span><b><\/b><\/h3><\/div>\n\n<div class=\"container section-title-container\" ><h4 class=\"section-title section-title-bold-center\"><b><\/b><span class=\"section-title-main\" style=\"font-size:78%;\">Hannover, Deutschland<\/span><b><\/b><\/h4><\/div>\n\n\n  \n    <div id=\"gallery-1711533577\" class=\"row large-columns-2 medium-columns- small-columns- row-large row-full-width row-masonry\" data-packery-options='{\"itemSelector\": \".col\", \"gutter\": 0, \"presentageWidth\" : true}'>\n\n  <div class=\"gallery-col col\" >\n          <div class=\"col-inner\">\n            <a class=\"image-lightbox lightbox-gallery\" href=\"https:\/\/internationallipedemasurgicalcenter.com\/wp-content\/uploads\/2022\/10\/2L6A3282-e1667236039481.jpg\" title=\"\">            <div class=\"box has-hover gallery-box box-shade dark\">\n              <div class=\"box-image box-shadow-5\" >\n                <img loading=\"lazy\" decoding=\"async\" width=\"272\" height=\"400\" src=\"https:\/\/internationallipedemasurgicalcenter.com\/wp-content\/uploads\/2022\/10\/2L6A3282-e1667236039481-272x400.jpg\" class=\"attachment-medium size-medium\" alt=\"\" ids=\"523,521,522\" style=\"shade\" lightbox_image_size=\"original\" type=\"masonry\" col_spacing=\"large\" columns=\"2\" depth=\"5\" srcset=\"https:\/\/internationallipedemasurgicalcenter.com\/wp-content\/uploads\/2022\/10\/2L6A3282-e1667236039481-272x400.jpg 272w, https:\/\/internationallipedemasurgicalcenter.com\/wp-content\/uploads\/2022\/10\/2L6A3282-e1667236039481-544x800.jpg 544w, https:\/\/internationallipedemasurgicalcenter.com\/wp-content\/uploads\/2022\/10\/2L6A3282-e1667236039481-768x1130.jpg 768w, https:\/\/internationallipedemasurgicalcenter.com\/wp-content\/uploads\/2022\/10\/2L6A3282-e1667236039481-1044x1536.jpg 1044w, https:\/\/internationallipedemasurgicalcenter.com\/wp-content\/uploads\/2022\/10\/2L6A3282-e1667236039481-8x12.jpg 8w, https:\/\/internationallipedemasurgicalcenter.com\/wp-content\/uploads\/2022\/10\/2L6A3282-e1667236039481.jpg 1111w\" sizes=\"auto, (max-width: 272px) 100vw, 272px\" \/>                                                  <div class=\"shade\"><\/div>\n                                              <\/div>\n              <div class=\"box-text text-left\" >\n                 <p><\/p>\n              <\/div>\n            <\/div>\n            <\/a>          <\/div>\n         <\/div><div class=\"gallery-col col\" >\n          <div class=\"col-inner\">\n            <a class=\"image-lightbox lightbox-gallery\" href=\"https:\/\/internationallipedemasurgicalcenter.com\/wp-content\/uploads\/2022\/10\/2L6A3210-2.jpg\" title=\"\">            <div class=\"box has-hover gallery-box box-shade dark\">\n              <div class=\"box-image box-shadow-5\" >\n                <img loading=\"lazy\" decoding=\"async\" width=\"600\" height=\"400\" src=\"https:\/\/internationallipedemasurgicalcenter.com\/wp-content\/uploads\/2022\/10\/2L6A3210-2-600x400.jpg\" class=\"attachment-medium size-medium\" alt=\"\" ids=\"523,521,522\" style=\"shade\" lightbox_image_size=\"original\" type=\"masonry\" col_spacing=\"large\" columns=\"2\" depth=\"5\" srcset=\"https:\/\/internationallipedemasurgicalcenter.com\/wp-content\/uploads\/2022\/10\/2L6A3210-2-600x400.jpg 600w, https:\/\/internationallipedemasurgicalcenter.com\/wp-content\/uploads\/2022\/10\/2L6A3210-2-1200x800.jpg 1200w, https:\/\/internationallipedemasurgicalcenter.com\/wp-content\/uploads\/2022\/10\/2L6A3210-2-768x512.jpg 768w, https:\/\/internationallipedemasurgicalcenter.com\/wp-content\/uploads\/2022\/10\/2L6A3210-2-1536x1024.jpg 1536w, https:\/\/internationallipedemasurgicalcenter.com\/wp-content\/uploads\/2022\/10\/2L6A3210-2-18x12.jpg 18w, https:\/\/internationallipedemasurgicalcenter.com\/wp-content\/uploads\/2022\/10\/2L6A3210-2.jpg 1900w\" sizes=\"auto, (max-width: 600px) 100vw, 600px\" \/>                                                  <div class=\"shade\"><\/div>\n                                              <\/div>\n              <div class=\"box-text text-left\" >\n                 <p><\/p>\n              <\/div>\n            <\/div>\n            <\/a>          <\/div>\n         <\/div><div class=\"gallery-col col\" >\n          <div class=\"col-inner\">\n            <a class=\"image-lightbox lightbox-gallery\" href=\"https:\/\/internationallipedemasurgicalcenter.com\/wp-content\/uploads\/2022\/10\/2L6A3275.jpg\" title=\"\">            <div class=\"box has-hover gallery-box box-shade dark\">\n              <div class=\"box-image box-shadow-5\" >\n                <img loading=\"lazy\" decoding=\"async\" width=\"600\" height=\"400\" src=\"https:\/\/internationallipedemasurgicalcenter.com\/wp-content\/uploads\/2022\/10\/2L6A3275-600x400.jpg\" class=\"attachment-medium size-medium\" alt=\"\" ids=\"523,521,522\" style=\"shade\" lightbox_image_size=\"original\" type=\"masonry\" col_spacing=\"large\" columns=\"2\" depth=\"5\" srcset=\"https:\/\/internationallipedemasurgicalcenter.com\/wp-content\/uploads\/2022\/10\/2L6A3275-600x400.jpg 600w, https:\/\/internationallipedemasurgicalcenter.com\/wp-content\/uploads\/2022\/10\/2L6A3275-1200x800.jpg 1200w, https:\/\/internationallipedemasurgicalcenter.com\/wp-content\/uploads\/2022\/10\/2L6A3275-768x512.jpg 768w, https:\/\/internationallipedemasurgicalcenter.com\/wp-content\/uploads\/2022\/10\/2L6A3275-1536x1024.jpg 1536w, https:\/\/internationallipedemasurgicalcenter.com\/wp-content\/uploads\/2022\/10\/2L6A3275-18x12.jpg 18w, https:\/\/internationallipedemasurgicalcenter.com\/wp-content\/uploads\/2022\/10\/2L6A3275.jpg 1900w\" sizes=\"auto, (max-width: 600px) 100vw, 600px\" \/>                                                  <div class=\"shade\"><\/div>\n                                              <\/div>\n              <div class=\"box-text text-left\" >\n                 <p><\/p>\n              <\/div>\n            <\/div>\n            <\/a>          <\/div>\n         <\/div><\/div>\n\n<p>Young Aesthetics ist eine Institut f\u00fcr plastische und rekonstruktive Chirurgie im Zentrum von Hannover. Mit 4 Lip\u00f6dem-Coaches per Ort f\u00fchren wir j\u00e4hrlich hunderte Lip\u00f6dem-Operationen in Deutschland durch.<\/p>\n\n\t\t<\/div>\n\t\t\t\t\t<\/div>\n\n\t\n\n<\/div>\n\n\t\t<\/div>\n\n\t\t\n<style>\n#section_352489234 {\n  padding-top: 30px;\n  padding-bottom: 30px;\n}\n<\/style>\n\t<\/section>","protected":false},"excerpt":{"rendered":"","protected":false},"author":1,"featured_media":0,"parent":127,"menu_order":0,"comment_status":"closed","ping_status":"closed","template":"","meta":{"_acf_changed":false,"footnotes":""},"class_list":["post-373","page","type-page","status-publish","hentry"],"acf":[],"yoast_head":"<!-- This site is optimized with the Yoast SEO plugin v27.4 - https:\/\/yoast.com\/product\/yoast-seo-wordpress\/ -->\n<title>Partnerclinics - internationallipedemasurgicalcenter<\/title>\n<meta name=\"robots\" content=\"index, follow, max-snippet:-1, max-image-preview:large, max-video-preview:-1\" \/>\n<link rel=\"canonical\" href=\"https:\/\/internationallipedemasurgicalcenter.com\/de\/aboutus\/the-practice\/\" \/>\n<meta property=\"og:locale\" content=\"de_DE\" \/>\n<meta property=\"og:type\" content=\"article\" \/>\n<meta property=\"og:title\" content=\"Partnerclinics - internationallipedemasurgicalcenter\" \/>\n<meta property=\"og:url\" content=\"https:\/\/internationallipedemasurgicalcenter.com\/de\/aboutus\/the-practice\/\" \/>\n<meta property=\"og:site_name\" content=\"internationallipedemasurgicalcenter\" \/>\n<meta property=\"article:modified_time\" content=\"2024-06-03T12:08:31+00:00\" \/>\n<meta name=\"twitter:card\" content=\"summary_large_image\" \/>\n<meta name=\"twitter:label1\" content=\"Gesch\u00e4tzte Lesezeit\" \/>\n\t<meta name=\"twitter:data1\" content=\"1\u00a0Minute\" \/>\n<script type=\"application\/ld+json\" class=\"yoast-schema-graph\">{\"@context\":\"https:\\\/\\\/schema.org\",\"@graph\":[{\"@type\":\"WebPage\",\"@id\":\"https:\\\/\\\/internationallipedemasurgicalcenter.com\\\/de\\\/aboutus\\\/the-practice\\\/\",\"url\":\"https:\\\/\\\/internationallipedemasurgicalcenter.com\\\/de\\\/aboutus\\\/the-practice\\\/\",\"name\":\"Partnerclinics - internationallipedemasurgicalcenter\",\"isPartOf\":{\"@id\":\"https:\\\/\\\/internationallipedemasurgicalcenter.com\\\/#website\"},\"datePublished\":\"2022-09-18T12:30:19+00:00\",\"dateModified\":\"2024-06-03T12:08:31+00:00\",\"breadcrumb\":{\"@id\":\"https:\\\/\\\/internationallipedemasurgicalcenter.com\\\/de\\\/aboutus\\\/the-practice\\\/#breadcrumb\"},\"inLanguage\":\"de\",\"potentialAction\":[{\"@type\":\"ReadAction\",\"target\":[\"https:\\\/\\\/internationallipedemasurgicalcenter.com\\\/de\\\/aboutus\\\/the-practice\\\/\"]}]},{\"@type\":\"BreadcrumbList\",\"@id\":\"https:\\\/\\\/internationallipedemasurgicalcenter.com\\\/de\\\/aboutus\\\/the-practice\\\/#breadcrumb\",\"itemListElement\":[{\"@type\":\"ListItem\",\"position\":1,\"name\":\"Home\",\"item\":\"https:\\\/\\\/internationallipedemasurgicalcenter.com\\\/\"},{\"@type\":\"ListItem\",\"position\":2,\"name\":\"About us\",\"item\":\"https:\\\/\\\/internationallipedemasurgicalcenter.com\\\/de\\\/aboutus\\\/\"},{\"@type\":\"ListItem\",\"position\":3,\"name\":\"Partnerclinics\"}]},{\"@type\":\"WebSite\",\"@id\":\"https:\\\/\\\/internationallipedemasurgicalcenter.com\\\/#website\",\"url\":\"https:\\\/\\\/internationallipedemasurgicalcenter.com\\\/\",\"name\":\"internationallipedemasurgicalcenter\",\"description\":\"Lipedema center\",\"potentialAction\":[{\"@type\":\"SearchAction\",\"target\":{\"@type\":\"EntryPoint\",\"urlTemplate\":\"https:\\\/\\\/internationallipedemasurgicalcenter.com\\\/?s={search_term_string}\"},\"query-input\":{\"@type\":\"PropertyValueSpecification\",\"valueRequired\":true,\"valueName\":\"search_term_string\"}}],\"inLanguage\":\"de\"}]}<\/script>\n<!-- \/ Yoast SEO plugin. -->","yoast_head_json":{"title":"Partnerclinics - internationallipedemasurgicalcenter","robots":{"index":"index","follow":"follow","max-snippet":"max-snippet:-1","max-image-preview":"max-image-preview:large","max-video-preview":"max-video-preview:-1"},"canonical":"https:\/\/internationallipedemasurgicalcenter.com\/de\/aboutus\/the-practice\/","og_locale":"de_DE","og_type":"article","og_title":"Partnerclinics - internationallipedemasurgicalcenter","og_url":"https:\/\/internationallipedemasurgicalcenter.com\/de\/aboutus\/the-practice\/","og_site_name":"internationallipedemasurgicalcenter","article_modified_time":"2024-06-03T12:08:31+00:00","twitter_card":"summary_large_image","twitter_misc":{"Gesch\u00e4tzte Lesezeit":"1\u00a0Minute"},"schema":{"@context":"https:\/\/schema.org","@graph":[{"@type":"WebPage","@id":"https:\/\/internationallipedemasurgicalcenter.com\/de\/aboutus\/the-practice\/","url":"https:\/\/internationallipedemasurgicalcenter.com\/de\/aboutus\/the-practice\/","name":"Partnerclinics - internationallipedemasurgicalcenter","isPartOf":{"@id":"https:\/\/internationallipedemasurgicalcenter.com\/#website"},"datePublished":"2022-09-18T12:30:19+00:00","dateModified":"2024-06-03T12:08:31+00:00","breadcrumb":{"@id":"https:\/\/internationallipedemasurgicalcenter.com\/de\/aboutus\/the-practice\/#breadcrumb"},"inLanguage":"de","potentialAction":[{"@type":"ReadAction","target":["https:\/\/internationallipedemasurgicalcenter.com\/de\/aboutus\/the-practice\/"]}]},{"@type":"BreadcrumbList","@id":"https:\/\/internationallipedemasurgicalcenter.com\/de\/aboutus\/the-practice\/#breadcrumb","itemListElement":[{"@type":"ListItem","position":1,"name":"Home","item":"https:\/\/internationallipedemasurgicalcenter.com\/"},{"@type":"ListItem","position":2,"name":"About us","item":"https:\/\/internationallipedemasurgicalcenter.com\/de\/aboutus\/"},{"@type":"ListItem","position":3,"name":"Partnerclinics"}]},{"@type":"WebSite","@id":"https:\/\/internationallipedemasurgicalcenter.com\/#website","url":"https:\/\/internationallipedemasurgicalcenter.com\/","name":"Internationales Lip\u00f6dem-Chirurgiezentrum","description":"Lipedema center","potentialAction":[{"@type":"SearchAction","target":{"@type":"EntryPoint","urlTemplate":"https:\/\/internationallipedemasurgicalcenter.com\/?s={search_term_string}"},"query-input":{"@type":"PropertyValueSpecification","valueRequired":true,"valueName":"search_term_string"}}],"inLanguage":"de"}]}},"_links":{"self":[{"href":"https:\/\/internationallipedemasurgicalcenter.com\/de\/wp-json\/wp\/v2\/pages\/373","targetHints":{"allow":["GET"]}}],"collection":[{"href":"https:\/\/internationallipedemasurgicalcenter.com\/de\/wp-json\/wp\/v2\/pages"}],"about":[{"href":"https:\/\/internationallipedemasurgicalcenter.com\/de\/wp-json\/wp\/v2\/types\/page"}],"author":[{"embeddable":true,"href":"https:\/\/internationallipedemasurgicalcenter.com\/de\/wp-json\/wp\/v2\/users\/1"}],"replies":[{"embeddable":true,"href":"https:\/\/internationallipedemasurgicalcenter.com\/de\/wp-json\/wp\/v2\/comments?post=373"}],"version-history":[{"count":10,"href":"https:\/\/internationallipedemasurgicalcenter.com\/de\/wp-json\/wp\/v2\/pages\/373\/revisions"}],"predecessor-version":[{"id":776,"href":"https:\/\/internationallipedemasurgicalcenter.com\/de\/wp-json\/wp\/v2\/pages\/373\/revisions\/776"}],"up":[{"embeddable":true,"href":"https:\/\/internationallipedemasurgicalcenter.com\/de\/wp-json\/wp\/v2\/pages\/127"}],"wp:attachment":[{"href":"https:\/\/internationallipedemasurgicalcenter.com\/de\/wp-json\/wp\/v2\/media?parent=373"}],"curies":[{"name":"wp","href":"https:\/\/api.w.org\/{rel}","templated":true}]}}